{"id":7500,"date":"2021-04-01T07:52:41","date_gmt":"2021-04-01T07:52:41","guid":{"rendered":"http:\/\/balfego.com\/?page_id=7500"},"modified":"2022-05-23T15:29:29","modified_gmt":"2022-05-23T13:29:29","slug":"politica-de-privacitat","status":"publish","type":"page","link":"https:\/\/balfego.com\/ca\/politica-de-privacitat\/","title":{"rendered":"Pol\u00edtica de privacitat"},"content":{"rendered":"<ol>\n<li><strong>A qui s\u2019aplica aquesta Pol\u00edtica de Privacitat?<\/strong><\/li>\n<li><strong>Qui \u00e9s el responsable del tractament de les dades personals?<\/strong><\/li>\n<li><strong><span data-contrast=\"auto\">Quina \u00e9s la legitimaci\u00f3 pel tractament de les dades?<\/span><\/strong><\/li>\n<li><strong>Quina informaci\u00f3 tractem?<\/strong><\/li>\n<li><strong>Amb quina finalitat tractem les dades?<\/strong><\/li>\n<li><strong>Durant quant de temps conservarem les dades?<\/strong><\/li>\n<li><strong>A quins destinataris es comuniquen les dades?<\/strong><\/li>\n<li><strong>Es poden realitzar transfer\u00e8ncies internacionals de les dades?<\/strong><\/li>\n<li><strong>Quins drets t\u00e9 l\u2019usuari sobre les dades que facilita?<\/strong><\/li>\n<li><strong>Com protegim les dades dels nostres usuaris?<\/strong><\/li>\n<li><strong>Modificacions<\/strong><\/li>\n<li><strong>Legislaci\u00f3 aplicable<\/strong>&gt;<\/li>\n<\/ol>\n<ol>\n<li><strong>A qui s\u2019aplica aquesta Pol\u00edtica de Privacitat?<\/strong><\/li>\n<\/ol>\n<p>Quan visita o consulta el lloc web de BALFEG\u00d3 &amp; BALFEG\u00d3, i utilitza els serveis oferts, l\u2019usuari (clients potencials, clients, entre d\u2019altres), accepta el tractament de les dades personals, donant conformitat als termes establerts en aquest document (d\u2019ara endavant, la \u00abPol\u00edtica de privacitat\u00bb).<\/p>\n<p>Aquesta Pol\u00edtica de Privacitat i la manera de processar les seves dades estaran regulades pel Reglament General de Protecci\u00f3 de Dades, o Reglament [UE] 2016\/679 (\u00abRGPD\u00bb).<\/p>\n<ol start=\"2\">\n<li><strong>Qui \u00e9s el responsable del tractament de les dades personals?<\/strong><\/li>\n<\/ol>\n<p>Aquesta \u00e9s la informaci\u00f3 rellevant del Responsable del Tractament de les dades personals que es tracten i que s\u00f3n facilitades pels usuaris:<\/p>\n<table width=\"567\">\n<tbody>\n<tr>\n<td width=\"146\"><strong>Identitat<\/strong><\/td>\n<td width=\"421\">BALFEG\u00d3 &amp; BALFEG\u00d3, SL (d\u2019ara endavant BALFEG\u00d3 &amp; BALFEG\u00d3)<\/td>\n<\/tr>\n<tr>\n<td width=\"146\"><strong>Domicili<\/strong><\/td>\n<td width=\"421\">Pol. Ind. Edifici Balfeg\u00f3, S\/N &#8211; 43860 L\u2019Ametlla de Mar (Tarragona), Espa\u00f1a.<\/td>\n<\/tr>\n<tr>\n<td width=\"146\"><strong>Tel\u00e8fon<\/strong><\/td>\n<td width=\"421\">977 04 77 00<\/td>\n<\/tr>\n<tr>\n<td width=\"146\"><strong>Adre\u00e7a electr\u00f2nica<\/strong><\/td>\n<td width=\"421\"><u><a href=\"mailto:info@grupbalfego.com\">info@grupbalfego.com<\/a><\/u><\/td>\n<\/tr>\n<\/tbody>\n<\/table>\n<p><strong>\u00a0<\/strong><\/p>\n<ol start=\"3\">\n<li><strong>Quina \u00e9s la legitimaci\u00f3 pel tractament de les dades?<\/strong><\/li>\n<\/ol>\n<p>Les bases legals per al tractament de les dades personals s\u00f3n:<\/p>\n<ul>\n<li>L\u2019execuci\u00f3 dels formularis a la Web de BALFEG\u00d3 &amp; BALFEG\u00d3; aquests formularis (apartat 4.a), els emplena l\u2019interessat o comparteix determinada informaci\u00f3, i amb aix\u00f2 dona el ple consentiment per al tractament de les dades personals.<\/li>\n<li>L\u2019execuci\u00f3 d\u2019un contracte.<\/li>\n<li>En cas que com a usuari, vulgueu adquirir productes a la nostra <u><a href=\"https:\/\/store.balfego.com\/\">botiga online<\/a><\/u> , si us plau, dirigiu-vos a la Pol\u00edtica de Privacitat i als Termes i Condicions de compra corresponents.<\/li>\n<\/ul>\n<ol start=\"4\">\n<li><strong><span data-contrast=\"auto\">Quina informaci\u00f3 tractem?<\/span><\/strong><\/li>\n<\/ol>\n<p>La informaci\u00f3 que rebem per part dels usuaris o que aquests comparteixen, i que ser\u00e0 tractada amb la m\u00e0xima confidencialitat,<span data-contrast=\"auto\"> es tracta i gestiona com exposem a continuaci\u00f3.<\/span><\/p>\n<p>a)\u00a0 \u00a0Informaci\u00f3 que els usuaris ens faciliten <u><strong>directament:<\/strong><\/u> recopila i emmagatzema certa informaci\u00f3 que l\u2019usuari introdueix a la Web de BALFEG\u00d3 &amp; BALFEG\u00d3, a trav\u00e9s dels seg\u00fcents apartats\/formularis<\/p>\n<table width=\"571\">\n<tbody>\n<tr>\n<td width=\"137\"><strong>\u201cContacte\u201d <\/strong><\/p>\n<p><strong>\u201cButllet\u00ed d&#8217;informaci\u00f3\u201d<\/strong><\/p>\n<p><strong>\u201cExplica&#8217;ns el teu prop\u00f2sit sostenible\u201d<\/strong><\/p>\n<p><strong>\u201cEts un restaurant, distribu\u00efdor o amant de la nostra tonyina vermella?&#8221;<\/strong><\/td>\n<td width=\"312\">La informaci\u00f3 que l\u2019usuari ens facilita quan completa cadascun d\u2019aquests formularis, \u00e9s a dir, <u>nom i cognoms, correu electr\u00f2nic, codi postal, codi d\u2019identificaci\u00f3 fiscal i tel\u00e8fon. <\/u><\/td>\n<td width=\"123\">Dades de car\u00e0cter identificatiu.<\/td>\n<\/tr>\n<\/tbody>\n<\/table>\n<p>&nbsp;<\/p>\n<p>b)\u00a0 \u00a0Informaci\u00f3 que els usuaris ens faciliten <u><strong>indirectament<\/strong><\/u><\/p>\n<table width=\"571\">\n<tbody>\n<tr>\n<td width=\"129\"><strong>Utilitzem galetes pr\u00f2pies i de tercers<\/strong><\/td>\n<td width=\"320\">BALFEG\u00d3 &amp; BALFEG\u00d3 utilitza galetes pr\u00f2pies i de tercers per distingir-ho d\u2019altres usuaris del nostre lloc web. Per aix\u00f2, sense car\u00e0cter exhaustiu, recopila la seg\u00fcent informaci\u00f3, el <u>tipus de cercador<\/u>, el <u>sistema operatiu<\/u>, incloent el <u>contingut<\/u> que consulta i el moment del <u>dia que ho fa<\/u>, aix\u00ed com l\u2019identificador en l\u00ednia (\u00e9s a dir, el <u>protocol d\u2019Internet assignat al dispositiu<\/u>).<\/td>\n<td width=\"123\">Dades derivades de les galetes de car\u00e0cter identificatiu.<\/p>\n<p>Dades derivades de la navegaci\u00f3.<\/td>\n<\/tr>\n<\/tbody>\n<\/table>\n<p>&nbsp;<\/p>\n<p>4.1.<strong> Qualitat de dades<\/strong>: L\u2019usuari haur\u00e0 de garantir, tant davant de BALFEG\u00d3 &amp; BALFEG\u00d3, com davant de tercers, la qualitat de la informaci\u00f3 i de les dades personals que proporcioni a trav\u00e9s del Web de BALFEG\u00d3 &amp; BALFEG\u00d3. Aix\u00f2 implica que totes les dades personals i informacions facilitades han de ser reals, veraces, actualitzades i pert\u00e0nyer a l\u2019usuari i no a terceres persones. En cas que pertanyin a terceres persones, entenem que \u00e9s mitjan\u00e7ant el seu consentiment i sol\u00b7licitem que es convidi a aquest tercer a con\u00e8ixer els nostres textos legals com m\u00e9s aviat millor.<\/p>\n<p>4.2. <strong>Modificaci\u00f3 de dades:<\/strong> L\u2019usuari haur\u00e0 de notificar a BALFEG\u00d3 &amp; BALFEG\u00d3 qualsevol modificaci\u00f3 que es produeixi en les dades personals facilitades responent, en qualsevol cas, de la veracitat i exactitud de les dades subministrades en cada moment.<\/p>\n<ol start=\"5\">\n<li><strong>Amb quina finalitat tractem les dades?<\/strong><\/li>\n<\/ol>\n<table width=\"562\">\n<tbody>\n<tr>\n<td width=\"137\"><strong>Prestaci\u00f3 de serveis<\/strong><\/td>\n<td width=\"425\">BALFEG\u00d3 &amp; BALFEG\u00d3 podr\u00e0 fer servir les dades personals que l\u2019usuari facilita:<\/p>\n<p>&#8211;\u00a0 \u00a0Quan es registri a la web de BALFEG\u00d3 &amp; BALFEG\u00d3 per confirmar la seva identitat i verificar les dades personals i de contacte.<\/p>\n<p>&#8211;\u00a0 \u00a0Per realitzar comunicacions via correu electr\u00f2nic sobre la seva operativa i aix\u00ed complir amb els procediments interns.<\/td>\n<\/tr>\n<tr>\n<td width=\"137\"><strong>Comunicaci\u00f3 de dades a tercers (excepcions)<\/strong><\/td>\n<td width=\"425\">&#8211;\u00a0 \u00a0En cas que sigui estrictament necessari per als serveis sol\u00b7licitats; en cas que BALFEG\u00d3 &amp; BALFEG\u00d3 col\u00b7labori amb tercers.<\/p>\n<p>&#8211;\u00a0 \u00a0Quan BALFEG\u00d3 &amp; BALFEG\u00d3 tingui autoritzaci\u00f3 expressa i inequ\u00edvoca per part de l\u2019usuari.<\/p>\n<p>&#8211;\u00a0 \u00a0Quan se sol\u00b7liciti per part d\u2019una autoritat competent en l\u2019exercici de les seves funcions (per investigar, prevenir o prendre accions relatives a accions il\u00b7legals).<\/p>\n<p>&#8211;\u00a0 \u00a0Si ho requereix una normativa.<\/td>\n<\/tr>\n<tr>\n<td width=\"137\"><strong>Missatges promocionals amb opci\u00f3 de cancel\u00b7laci\u00f3.<\/strong><\/td>\n<td width=\"425\">Amb el consentiment de l\u2019usuari, BALFEG\u00d3 &amp; BALFEG\u00d3 podr\u00e0 utilitzar les dades personals que obtinguem per enviar informaci\u00f3, not\u00edcies i publicitat sobre els nostres serveis i d\u2019altres de similars. En tot cas, es pot evitar l\u2019enviament de nous correus electr\u00f2nics informatius sol\u00b7licitant-ho a l\u2019adre\u00e7a de correu electr\u00f2nic <u><a href=\"mailto:info@grupbalfego.com\">info@grupbalfego.com<\/a><\/u> o mitjan\u00e7ant l\u2019enlla\u00e7 que apareix al cos de cadascun dels correus electr\u00f2nics que enviem i en conseq\u00fc\u00e8ncia, BALFEG\u00d3 &amp; BALFEG\u00d3 aturar\u00e0 l\u2019enviament de la citada informaci\u00f3.<\/td>\n<\/tr>\n<tr>\n<td width=\"137\"><strong>Galetes pr\u00f2pies i de tercers<\/strong><\/td>\n<td width=\"425\">&#8211;\u00a0 \u00a0Amb el consentiment de l\u2019usuari, es podran instal\u00b7lar galetes per calcular el nombre de persones que ingressen al lloc web, aix\u00ed com emmagatzemar informaci\u00f3 del comportament dels usuaris obtinguda a trav\u00e9s de l\u2019observaci\u00f3 continuada dels h\u00e0bits de navegaci\u00f3.<\/p>\n<p>La majoria dels navegadors admeten l\u2019\u00fas de galetes de forma autom\u00e0tica, per\u00f2 podeu configurar el vostre navegador per ser avisat, a la pantalla del vostre ordinador, sobre la recepci\u00f3 de galetes i, d\u2019aquesta manera, impedir la seva instal\u00b7laci\u00f3 al disc dur. Per obtenir informaci\u00f3 detallada sobre les galetes que utilitzem i els fins per als quals les utilitzem, consulteu la nostra <a href=\"\/ca\/politica-de-galetes\/\"><u>Pol\u00edtica de Galetes<\/u><\/a>.<\/td>\n<\/tr>\n<\/tbody>\n<\/table>\n<p><strong>\u00a0<\/strong><\/p>\n<ol start=\"6\">\n<li><strong>Durant quant de temps conservarem les dades?<\/strong><\/li>\n<\/ol>\n<p>BALFEG\u00d3 &amp; BALFEG\u00d3 conservar\u00e0 les dades personals de l\u2019usuari durant el temps que sigui raonablement necessari per: complir amb qualsevol dels objectius esmentats en aquesta Pol\u00edtica de Privacitat i complir amb la legislaci\u00f3 vigent, exig\u00e8ncies normatives i ordres pertinents de tribunals competents, o, en qualsevol cas, mentre li enviem informaci\u00f3 o comunicacions i l\u2019interessat no sol\u00b7liciti la supressi\u00f3 o oposici\u00f3.<\/p>\n<p>Les vostres dades personals seran tractades an\u00f2nimament o eliminades una vegada que ja no siguin rellevants per a les finalitats per a les quals van ser recopilades.<\/p>\n<p><strong>\u00a0 \u00a0 7. A quins destinataris es comuniquen les dades?<\/strong><\/p>\n<p>Les dades de car\u00e0cter personal que BALFEG\u00d3 &amp; BALFEG\u00d3 recopili, seran exclusivament utilitzades per a la consecuci\u00f3 de l\u2019objecte definit a la Web de BALFEG\u00d3 &amp; BALFEG\u00d3. Per a aconseguir l\u2019objectiu esmentat i la correcta prestaci\u00f3 del servei BALFEG\u00d3 &amp; BALFEG\u00d3 podria compartir certes dades de car\u00e0cter personal dels usuaris:<\/p>\n<p>&#8211;\u00a0 \u00a0Previ requeriment legal, BALFEG\u00d3 &amp; BALFEG\u00d3 podr\u00e0 compartir informaci\u00f3 amb organismes d\u2019autoritats executives o de tercers pel que fa a peticions d\u2019informaci\u00f3 relatives a investigacions de car\u00e0cter penal i presumptes activitats il\u00b7legals.<\/p>\n<p>&#8211;\u00a0 \u00a0Prove\u00efdors de serveis externs: algunes empreses subcontractades per BALFEG\u00d3 &amp; BALFEG\u00d3 podrien tenir acc\u00e9s a les seves dades personals i informaci\u00f3 personal, sempre sota el control exclusiu de BALFEG\u00d3 &amp; BALFEG\u00d3, quan sigui necessari per proporcionar els nostres serveis.<\/p>\n<p><em>i.\u00a0 \u00a0Si l\u2019usuari autoritza expressament l\u2019enviament d\u2019informaci\u00f3 comercial, es podr\u00e0 col\u00b7laborar amb SELLIGENT, una empresa ubicada a B\u00e8lgica, que permet dur a terme el m\u00e0rqueting al n\u00favol i d&#8217;un sol canal amb funcions d&#8217;intel\u00b7lig\u00e8ncia artificial. Les dades que faciliteu en aquesta plataforma es faran servir \u00fanicament per a la notificaci\u00f3 de la informaci\u00f3 a BALFEG\u00d3 &amp; BALFEG\u00d3. L\u2019usuari podr\u00e0 consultar la Pol\u00edtica de Privacitat d\u2019aquest prove\u00efdor <u><a href=\"https:\/\/www.selligent.com\/es\/privacy-policy\" target=\"_blank\" rel=\"noopener\">aqu\u00ed<\/a><\/u>.<\/em><\/p>\n<p>&#8211;\u00a0 \u00a0Amb el consentiment de l\u2019usuari: a banda del que s\u2019ha establert anteriorment, s\u2019informar\u00e0 l\u2019usuari en el cas que qualsevol informaci\u00f3 sobre aquest es posi en coneixement dels socis comercials de la web, o b\u00e9 amb tercers, amb car\u00e0cter diferent a les finalitats exposades a la Web de BALFEG\u00d3 &amp; BALFEG\u00d3 (per ex.: amb finalitats comercials), a fi que tingui l\u2019oportunitat de decidir que no es comparteixi la seva informaci\u00f3. Cap de les comunicacions de dades anteriors inclour\u00e0 vendre, llogar, compartir o revelar altrament informaci\u00f3 personal de clients amb fins comercials de manera contr\u00e0ria als compromisos adquirits en aquesta Pol\u00edtica de Privacitat.<\/p>\n<p><strong>\u00a0<\/strong><\/p>\n<ol start=\"8\">\n<li><strong>Es poden realitzar transfer\u00e8ncies internacionals de les dades?<\/strong><\/li>\n<\/ol>\n<p>En el cas que realitzem transfer\u00e8ncies de les vostres dades personals a un tercer pa\u00eds, \u00e9s a dir, un pa\u00eds fora de l\u2019Espai Econ\u00f2mic Europeu (els pa\u00efsos de la Uni\u00f3 Europea m\u00e9s Liechtenstein, Isl\u00e0ndia i Noruega), complirem amb totes les lleis aplicables a aquesta transfer\u00e8ncia, inclosa la garantia que les vostres dades personals es mantinguin segures i amb la pres\u00e8ncia de salvaguardes per assegurar que hi hagi una protecci\u00f3 adequada. Per aix\u00f2, BALFEG\u00d3 &amp; BALFEG\u00d3 utilitzar\u00e0 cl\u00e0usules tipus de protecci\u00f3 de dades adoptades per la Comissi\u00f3 Europea.<\/p>\n<p><strong>\u00a0 \u00a0 9. Quins drets t\u00e9 l\u2019usuari sobre les dades que facilita?<\/strong><\/p>\n<p>L\u2019usuari podr\u00e0 exercir davant BALFEG\u00d3 &amp; BALFEG\u00d3 els seg\u00fcents drets:<\/p>\n<p>&#8211;\u00a0 \u00a0<strong>Dret a ser informat<\/strong>: l\u2019usuari t\u00e9 dret a rebre informaci\u00f3 clara, transparent i f\u00e0cilment comprensible sobre la manera com utilitzem la informaci\u00f3 i els seus drets. Per aquest motiu, facilitem aquesta informaci\u00f3 en aquesta pol\u00edtica de privacitat.<\/p>\n<p>&#8211;\u00a0 \u00a0<strong>Dret d\u2019acc\u00e9s<\/strong>: l\u2019usuari t\u00e9 dret a obtenir acc\u00e9s a la seva informaci\u00f3 (en cas que l\u2019estiguem tractant), aix\u00ed com a altres tipus d\u2019informaci\u00f3 (similar a la proporcionada en aquesta pol\u00edtica de privacitat), per tal que estigui informat i pugui comprovar que usem la seva informaci\u00f3 de conformitat amb la legislaci\u00f3 en mat\u00e8ria de protecci\u00f3 de dades.<\/p>\n<p>&#8211;\u00a0 \u00a0<strong>Dret a rectificaci\u00f3<\/strong>: l\u2019usuari t\u00e9 dret a la correcci\u00f3 de la seva informaci\u00f3 (dades inexactes) en cas que aquesta sigui incorrecta o incompleta.<\/p>\n<p>&#8211;\u00a0 \u00a0<strong>Dret de supressi\u00f3<\/strong>: tamb\u00e9 es coneix com a \u00abdret a l\u2019oblit\u00bb i, en definitiva, us permet sol\u00b7licitar l\u2019eliminaci\u00f3 o supressi\u00f3 de la vostra informaci\u00f3 quan les dades ja no siguin necess\u00e0ries per als fins que van ser recollides. Aix\u00f2 no constitueix un dret general de supressi\u00f3; hi ha excepcions.<\/p>\n<p>&#8211;\u00a0 \u00a0<strong>Dret a limitar el tractament<\/strong>: l\u2019usuari disposa de drets que li permeten \u00abbloquejar\u00bb o impedir que es continu\u00ef usant la seva informaci\u00f3. Quan es limita el tractament, \u00fanicament conservarem la seva informaci\u00f3 per a l\u2019exercici o la defensa de reclamacions. Igualment, conservem llistes d\u2019usuaris que han sol\u00b7licitat el \u00abbloqueig\u00bb de l\u2019\u00fas de la seva informaci\u00f3 per assegurar-nos que la restricci\u00f3 es respecti en el futur.<\/p>\n<p>&#8211;\u00a0 \u00a0<strong>Dret a la portabilitat de les dades<\/strong>: l\u2019usuari disposa de drets que li permeten obtenir i reutilitzar les seves dades personals per als seus propis fins en diferents serveis.<\/p>\n<p>&#8211;\u00a0 \u00a0<strong>Dret a oposar-s\u2019hi<\/strong>: l\u2019usuari t\u00e9 dret a oposar-se a certs tipus de tractament, incloent-hi el tractament amb finalitats de m\u00e0rqueting directe. Tret de motius leg\u00edtims imperiosos, o l\u2019exercici o la defensa de possibles reclamacions.<\/p>\n<p>L\u2019exercici dels drets esmentats \u00e9s personal\u00edssim; per tant, caldr\u00e0 que l\u2019usuari acrediti la seva identitat.<\/p>\n<p>Per fer \u00fas dels drets esmentats i que es preveuen a la legislaci\u00f3, l\u2019usuari pot adre\u00e7ar-se a BALFEG\u00d3 &amp; BALFEG\u00d3 a trav\u00e9s del correu electr\u00f2nic <u><a href=\"mailto:protecdades@grupbalfego.com\">protecdades@grupbalfego.com<\/a><\/u> o per escrit i correu postal dirigit a l\u2019adre\u00e7a que consta a l\u2019apartat 1 de la present Pol\u00edtica. La comunicaci\u00f3 contindr\u00e0 les seg\u00fcents dades i documents:<\/p>\n<p>&#8211;\u00a0 \u00a0Nom i cognoms de l\u2019interessat, adjuntant fotoc\u00f2pia del DNI o un altre document v\u00e0lid que l\u2019identifiqui i, si escau, de la persona que el representi; la utilitzaci\u00f3 de signatura electr\u00f2nica eximeix de la presentaci\u00f3 d\u2019aquests documents.<\/p>\n<p>&#8211;\u00a0 \u00a0Indicaci\u00f3 del domicili de l\u2019interessat i petici\u00f3 sobre la qual es concreta la sol\u00b7licitud (el dret que es pret\u00e9n exercir).<\/p>\n<p>L\u2019usuari tamb\u00e9 tindr\u00e0 dret a presentar una reclamaci\u00f3 davant de l\u2019Autoritat de Control corresponent\/Ag\u00e8ncia Espanyola de Protecci\u00f3 de Dades (<u><a href=\"http:\/\/www.aepd.es\" target=\"_blank\" rel=\"noopener\">www.aepd.es<\/a><\/u>), quan ho consideri convenient.<\/p>\n<p><strong>\u00a0 \u00a0 \u00a010. Com protegim les dades dels nostres usuaris?<\/strong><\/p>\n<p>BALFEG\u00d3 &amp; BALFEG\u00d3 informa a l\u2019usuari que ha adoptat les mesures de car\u00e0cter t\u00e8cnic i organitzatives necess\u00e0ries exigides per la normativa vigent en mat\u00e8ria de protecci\u00f3 de dades per garantir la seguretat de les seves dades, a fi d\u2019evitar-ne l\u2019alteraci\u00f3, la p\u00e8rdua, l\u2019acc\u00e9s o el tractament no autoritzats.<\/p>\n<p>Tal com s\u2019ha esmentat, les dades personals facilitades pels usuaris a trav\u00e9s del web de BALFEG\u00d3 &amp; BALFEG\u00d3 no seran cedits a altres entitats o empreses per ser emprats per a les seves pr\u00f2pies finalitats. No obstant aix\u00f2, algunes empreses subcontractades per BALFEG\u00d3 &amp; BALFEG\u00d3 podrien tenir acc\u00e9s a les dades i informaci\u00f3 personals, sempre sota l\u2019exclusiu control de BALFEG\u00d3 &amp; BALFEG\u00d3, amb l&#8217;\u00fanica finalitat de prestar un servei necessari per al funcionament correcte del Web de BALFEG\u00d3 &amp; BALFEG\u00d3.<\/p>\n<p><strong>\u00a0 \u00a0 \u00a011. Modificacions<\/strong><strong style=\"font-size: 1rem;\">\u00a0<\/strong><\/p>\n<p>BALFEG\u00d3 &amp; BALFEG\u00d3 es reserva el dret a modificar aquesta Pol\u00edtica de Privacitat d\u2019acord amb la legislaci\u00f3 aplicable en cada moment. Per aix\u00f2, \u00e9s recomanable que l\u2019usuari revisi peri\u00f2dicament aquesta Pol\u00edtica de Privacitat amb la finalitat d\u2019estar informat del tractament i la protecci\u00f3 de les dades personals, aix\u00ed com dels drets que l\u2019assisteixen.<\/p>\n<p><strong>\u00a0 \u00a0 12. Legislaci\u00f3 aplicable<\/strong><\/p>\n<p>Aquesta Pol\u00edtica es regir\u00e0 i interpretar\u00e0 segons la legislaci\u00f3 espanyola, igual que la resoluci\u00f3 de qualsevol controv\u00e8rsia o diverg\u00e8ncia relacionada amb aquest lloc web. L\u2019\u00fas dels serveis del present lloc web suposa l\u2019acceptaci\u00f3 expressa de la jurisdicci\u00f3 espanyola.<\/p>\n<p><strong>Data darrera actualitzaci\u00f3: febrer 2022.<\/strong><\/p>\n","protected":false},"excerpt":{"rendered":"<p>A qui s\u2019aplica aquesta Pol\u00edtica de Privacitat? Qui \u00e9s el responsable del tractament de les dades personals? Quina \u00e9s la legitimaci\u00f3 pel tractament de les dades? Quina informaci\u00f3 tractem? Amb quina finalitat tractem les dades? Durant quant de temps conservarem les dades? A quins destinataris es comuniquen les dades? Es poden realitzar transfer\u00e8ncies internacionals de &hellip; <a href=\"https:\/\/balfego.com\/ca\/politica-de-privacitat\/\">Continued<\/a><\/p>\n","protected":false},"author":1,"featured_media":0,"parent":0,"menu_order":0,"comment_status":"closed","ping_status":"closed","template":"views\/template-custom.blade.php","meta":{"_acf_changed":false,"footnotes":""},"class_list":["post-7500","page","type-page","status-publish","hentry"],"acf":[],"_links":{"self":[{"href":"https:\/\/balfego.com\/ca\/wp-json\/wp\/v2\/pages\/7500","targetHints":{"allow":["GET"]}}],"collection":[{"href":"https:\/\/balfego.com\/ca\/wp-json\/wp\/v2\/pages"}],"about":[{"href":"https:\/\/balfego.com\/ca\/wp-json\/wp\/v2\/types\/page"}],"author":[{"embeddable":true,"href":"https:\/\/balfego.com\/ca\/wp-json\/wp\/v2\/users\/1"}],"replies":[{"embeddable":true,"href":"https:\/\/balfego.com\/ca\/wp-json\/wp\/v2\/comments?post=7500"}],"version-history":[{"count":10,"href":"https:\/\/balfego.com\/ca\/wp-json\/wp\/v2\/pages\/7500\/revisions"}],"predecessor-version":[{"id":14184,"href":"https:\/\/balfego.com\/ca\/wp-json\/wp\/v2\/pages\/7500\/revisions\/14184"}],"wp:attachment":[{"href":"https:\/\/balfego.com\/ca\/wp-json\/wp\/v2\/media?parent=7500"}],"curies":[{"name":"wp","href":"https:\/\/api.w.org\/{rel}","templated":true}]}}