{"id":7597,"date":"2021-06-01T09:16:21","date_gmt":"2021-06-01T09:16:21","guid":{"rendered":"http:\/\/balfego.com\/?page_id=7597"},"modified":"2022-05-23T17:36:38","modified_gmt":"2022-05-23T15:36:38","slug":"avis-legal","status":"publish","type":"page","link":"https:\/\/balfego.com\/ca\/avis-legal\/","title":{"rendered":"Av\u00eds Legal"},"content":{"rendered":"<ol>\n<li><strong>Qui som?<\/strong><\/li>\n<li><strong>Acceptaci\u00f3 de les condicions d\u2019\u00fas<\/strong><\/li>\n<li><strong>Acc\u00e9s al lloc web i informaci\u00f3 sobre\u00a0<\/strong><strong>BALFEG\u00d3 &amp; BALFEG\u00d3<\/strong><\/li>\n<li><strong>Normes d\u2019\u00fas<\/strong><\/li>\n<li><strong>Enlla\u00e7os<\/strong><\/li>\n<li><strong>T\u00e9 pres\u00e8ncia en altres plataformes i xarxes socials<\/strong><\/li>\n<li><strong>Propietat Intel\u00b7lectual i Industrial<\/strong><\/li>\n<li><strong>Responsabilitats pel funcionament de la web<\/strong><\/li>\n<li><strong>Compleix amb la legalitat en mat\u00e8ria de responsabilitats<\/strong><\/li>\n<li><strong>Durada de les condicions d\u2019\u00fas<\/strong><\/li>\n<li><strong>Li convidem a comunicar qualsevol comentari o dubte<\/strong><\/li>\n<li><strong>Normativa aplicable i jurisdicci\u00f3<\/strong><\/li>\n<\/ol>\n<p>&nbsp;<\/p>\n<p>&nbsp;<\/p>\n<p>En aquest av\u00eds legal trobar\u00e0 tota la informaci\u00f3 necess\u00e0ria sobre els serveis que ofereix BALFEG\u00d3 &amp; BALFEG\u00d3, S.L. a trav\u00e9s de la p\u00e0gina web\u00a0<a href=\"https:\/\/www.balfego.com\/\" target=\"_blank\" rel=\"noopener noreferrer\">www.balfego.com<\/a>\u00a0(en endavant el web). Li convidem a llegir-les amb deteniment i a consultar-les sempre que vulgui.<br \/>\nSi necessiteu m\u00e9s informaci\u00f3 sobre la nostra empresa, us podeu posar en contacte amb nosaltres enviant-nos un correu electr\u00f2nic a l\u2019adre\u00e7a\u00a0<a href=\"mailto:info@grupbalfego.com\">info@grupbalfego.com<\/a>. Estarem encantats d\u2019atendre-us.<\/p>\n<h3><\/h3>\n<p>&nbsp;<\/p>\n<h3><b>1. Qui som?<\/b><\/h3>\n<p>&nbsp;<\/p>\n<p>La p\u00e0gina web\u00a0<a href=\"http:\/\/www.balfego.com\/\">www.balfego.com<\/a>\u00a0(en endavant el web) \u00e9s un domini d\u2019internet de titularitat de BALFEG\u00d3 &amp; BALFEG\u00d3, S.L. (en endavant BALFEG\u00d3 &amp; BALFEG\u00d3). Les dades identificatives de BALFEG\u00d3 &amp; BALFEG\u00d3 s\u00f3n:<\/p>\n<ul>\n<li>I.F.: B-43636075<\/li>\n<li>Domicili Ind. Edifici Balfeg\u00f3, S\/N \u2013 43860 L\u2019Ametlla de Mar (Tarragona)<\/li>\n<li>Dades mercantils: Inscrita al Registre Mercantil de Tarragona al tom 1642, full 208, Hoja T-21898<\/li>\n<\/ul>\n<p>Posem a la seva disposici\u00f3 el lloc web per a facilitar-li l\u2019acc\u00e9s a la informaci\u00f3 sobre nosaltres, les nostres empreses de Grup i perqu\u00e8 pugui contactar-nos i treballar amb nosaltres.<\/p>\n<p>&nbsp;<\/p>\n<h3><b>2. Acceptaci\u00f3 de les condicions d\u2019\u00fas<\/b><\/h3>\n<p>&nbsp;<\/p>\n<p>L\u2019acc\u00e9s i la navegaci\u00f3 d\u2019un usuari pel web implica l\u2019acceptaci\u00f3 sense reserves d\u2019aquest Av\u00eds legal.<\/p>\n<p>Per a adaptar els textos legals del lloc Web als continguts de la mateixa a cada moment, ens reservem el dret de modificar aquest l\u2019Av\u00eds legal.<\/p>\n<p>&nbsp;<\/p>\n<h3><b>3. Acc\u00e9s al lloc web i informaci\u00f3 sobre BALFEG\u00d3 &amp; BALFEG\u00d3<\/b><\/h3>\n<p>&nbsp;<\/p>\n<p>L\u2019acc\u00e9s al lloc Web \u00e9s totalment gratu\u00eft i no requereix el registre dels usuaris.<\/p>\n<p>&nbsp;<\/p>\n<p>Aquest lloc Web t\u00e9 com a objectiu fonamental la difusi\u00f3 dels serveis de BALFEG\u00d3 &amp; BALFEG\u00d3, aix\u00ed com facilitar informaci\u00f3 de la pr\u00f2pia empresa.<\/p>\n<p>&nbsp;<\/p>\n<p>A trav\u00e9s del lloc Web, li proporcionem un mitj\u00e0 de comunicaci\u00f3 perqu\u00e8 pugui contactar-nos amb la finalitat de rebre informaci\u00f3 dels nostres serveis que puguin ser del seu inter\u00e8s, treballar\/col\u00b7laborar amb nosaltres, aix\u00ed com per a donar resposta a consultes relacionades amb BALFEG\u00d3 &amp; BALFEG\u00d3, per la qual cosa vetllarem per controlar que en tot moment la informaci\u00f3 que aparegui en el lloc web sigui vera\u00e7, precisa i accessible.<\/p>\n<p>&nbsp;<\/p>\n<p>Aquest lloc web, per motius de seguretat i per a la protecci\u00f3 de la transmissi\u00f3 de continguts confidencials, utilitza un xifrat SSL o b\u00e9 TLS. Podr\u00e0 identificar que la connexi\u00f3 \u00e9s xifrada perqu\u00e8 la barra d\u2019adre\u00e7a del navegador canvia de \u201chttp:\/\/\u201d a \u201chttps:\/\/\u201d i pel s\u00edmbol de cadenat en la seva barra de direcci\u00f3 del navegador. Si est\u00e0 activat el xifrat SSL o TLS, les dades que vost\u00e8 ens transmeti no podran ser llegits per tercers.<\/p>\n<p>&nbsp;<\/p>\n<p>BALFEG\u00d3 &amp; BALFEG\u00d3, no pot garantir la inexist\u00e8ncia d\u2019interrupcions o errors en l\u2019acc\u00e9s al lloc web o al seu contingut, ni que aquest es trobi permanentment actualitzat, sense imprecisions o inexactituds. En qualsevol cas, ens comprometem a solucionar els possibles errors, interrupcions en la comunicaci\u00f3 i falta d\u2019actualitzaci\u00f3 d\u2019aquests continguts al m\u00e9s aviat possible.<\/p>\n<p>&nbsp;<\/p>\n<h3><b>4. Normes d\u2019\u00fas<\/b><\/h3>\n<p>&nbsp;<\/p>\n<p>Volem que la nostra web sigui un lloc agradable per a tots. Per aix\u00f2, en navegar per ell, es compromet a utilitzar-ho de conformitat amb la llei, els bons costums i les presents Condicions. Aix\u00ed mateix, garanteix fer un \u00fas adequat del contingut del lloc web i a no emprar-lo per a realitzar activitats il\u00b7l\u00edcites o constitutives de delicte, que atemptin contra els drets de tercers i\/o que infringeixin la regulaci\u00f3 sobre propietat intel\u00b7lectual i industrial, o qualssevol altres normes de l\u2019ordenament jur\u00eddic aplicable.<\/p>\n<p>&nbsp;<\/p>\n<p>La informaci\u00f3 que proporciona la p\u00e0gina Web s\u2019utilitzar\u00e0 \u00fanicament per als serveis que ofereix BALFEG\u00d3 &amp; BALFEG\u00d3.<br \/>\nL\u2019usuari s\u2019obliga a utilitzar la informaci\u00f3 continguda en la present p\u00e0gina Web per a les seves pr\u00f2pies necessitats exclusivament i a no realitzar directa o indirectament cap mena d\u2019explotaci\u00f3 comercial dels continguts i serveis als quals t\u00e9 acc\u00e9s.<\/p>\n<p>&nbsp;<\/p>\n<p>Com a usuari del lloc web, reconeix i accepta que \u00e9s l\u2019\u00fanic responsable de l\u2019\u00fas que realitzi d\u2019aquest, i dels serveis i continguts accessibles a trav\u00e9s del lloc web.<\/p>\n<p>&nbsp;<\/p>\n<p>Per aix\u00f2, entre altres activitats, l\u2019usuari es compromet a:<\/p>\n<p>a) No introduir o difondre continguts de car\u00e0cter racista, xen\u00f2fob, pornogr\u00e0fic, d\u2019apologia del terrorisme o que atemptin contra els drets humans.<\/p>\n<p>b) No introduir o difondre en la xarxa programes de dades (virus i programari nociu) susceptibles de provocar danys en els sistemes inform\u00e0tics del prove\u00efdor d\u2019acc\u00e9s, els seus prove\u00efdors o tercers Usuaris de la xarxa Internet.<\/p>\n<p>c) No difondre, transmetre o posar a la disposici\u00f3 de tercers qualsevol tipus d\u2019informaci\u00f3, element o contingut que atempti contra els drets fonamentals i les llibertats p\u00fabliques reconeguts constitucionalment i en els tractats internacionals.<\/p>\n<p>d) No difondre, transmetre o posar a la disposici\u00f3 de tercers qualsevol tipus d\u2019informaci\u00f3, element o contingut que constitueixi publicitat il\u00b7l\u00edcita o deslleial.<\/p>\n<p>e) No introduir o difondre qualsevol informaci\u00f3 i continguts falsos, ambigus o inexactes de manera que indueixi a error.<\/p>\n<p>L\u2019usuari ser\u00e0 l\u2019\u00fanic responsable dels danys o perjudicis que es produeixin com a conseq\u00fc\u00e8ncia d\u2019un incompliment per part seva.<\/p>\n<p>&nbsp;<\/p>\n<h3><b>5. Enlla\u00e7os<\/b><\/h3>\n<p>&nbsp;<\/p>\n<p>Si desitja enlla\u00e7ar el lloc web en qualsevol web, f\u00f2rum, xat, plataforma o xarxa social, est\u00e0 obligat a indicar que no compta amb la nostra supervisi\u00f3 o autoritzaci\u00f3. En cap sup\u00f2sit es permet enlla\u00e7ar el lloc web des de webs, plataformes, f\u00f2rums, xats, blogs o xarxes socials contr\u00e0ries a la llei o als bons costums, en concret des d\u2019aquelles amb continguts pornogr\u00e0fics o que atemptin contra els drets humans.<\/p>\n<p>\u00c9s important aclarir que cap enlla\u00e7 suposa una vinculaci\u00f3 entre BALFEG\u00d3 &amp; BALFEG\u00d3, i el lloc des del qual vinculi al lloc web, per la qual cosa no som responsables de les dades o continguts que proporcionin.<\/p>\n<p>Aquesta Web inclou enlla\u00e7os amb altres p\u00e0gines Web de tercers, BALFEG\u00d3 &amp; BALFEG\u00d3 no es fa responsable de les variacions en relaci\u00f3 amb les informacions, serveis i contingut en general d\u2019aquestes p\u00e0gines Web.<\/p>\n<p>&nbsp;<\/p>\n<h3><b>6. T\u00e9 pres\u00e8ncia en altres plataformes i xarxes socials<\/b><\/h3>\n<p>&nbsp;<\/p>\n<p>Com podr\u00e0 comprovar en el nostre lloc web, BALFEG\u00d3 &amp; BALFEG\u00d3, utilitza xarxes socials i plataformes (Facebook, Linkedin, Instagram, Youtube). Si us plau, tingui en compte en accedir a qualsevol d\u2019aquestes xarxes o plataformes que les condicions d\u2019\u00fas aplicables s\u00f3n les que cada plataforma t\u00e9 establertes, sobre les quals no tenim cap mena de control.<\/p>\n<p>&nbsp;<\/p>\n<h3><b>7. Propietat Intel\u00b7lectual i Industrial<\/b><\/h3>\n<p>&nbsp;<\/p>\n<p>El lloc web i tots els seus continguts (entre els quals es troben, a t\u00edtol enunciatiu i no limitatiu, les marques, logotips, textos, fotografies, icones, imatges, gr\u00e0fics, tecnologia, links, continguts audiovisuals o sonors, etc., aix\u00ed com el disseny gr\u00e0fic, codi font i altres elements de programari contingut en la present p\u00e0gina Web), s\u00f3n titularitat de BALFEG\u00d3 &amp; BALFEG\u00d3, i s\u2019hagin degudament llicenciats al seu favor, i estan subjectes a drets de propietat intel\u00b7lectual i industrial, protegits per la legislaci\u00f3 espanyola. Per aix\u00f2, si vol realitzar actes d\u2019explotaci\u00f3 del lloc web o dels seus continguts (reproduir-los, transformar-los, comunicar-los, etc., m\u00e9s enll\u00e0 de les activitats autoritzades per la Llei de Propietat Intel\u00b7lectual) necessita obtenir pr\u00e8viament el nostre consentiment per escrit (dades de contacte en la cap\u00e7alera del present Av\u00eds legal), amb independ\u00e8ncia de les finalitats que li moguin. Aix\u00ed mateix, queda prohibit eliminar les dades identificatives de BALFEG\u00d3 &amp; BALFEG\u00d3, com a titular dels drets de Propietat Intel\u00b7lectual i Industrial del lloc web o els seus continguts.<\/p>\n<p>&nbsp;<\/p>\n<p>Finalment, accepta concedir una llic\u00e8ncia d\u2019\u00fas gratu\u00efta, sense limitaci\u00f3 territorial i per la m\u00e0xima extensi\u00f3 temporal permesa per la Llei, sobre els continguts que pugi al lloc web per qualsevol mitj\u00e0 o canal.<\/p>\n<p>&nbsp;<\/p>\n<p>La responsabilitat derivada de l\u2019\u00fas sense autoritzaci\u00f3 de materials protegits pels drets de propietat intel\u00b7lectual i industrial continguts en aquesta p\u00e0gina correspondr\u00e0 exclusivament a l\u2019usuari.<\/p>\n<p>&nbsp;<\/p>\n<p>El fet que no li sol\u00b7licitem que cessament de realitzar un \u00fas il\u00b7l\u00edcit o contrari a les presents condicions dels Continguts no pot ser ent\u00e8s en cap cas com un consentiment o autoritzaci\u00f3 per a aquest \u00fas. Tampoc constitueix una ren\u00fancia a l\u2019exercici de les accions legals que puguin correspondre\u2019ns.<\/p>\n<p>&nbsp;<\/p>\n<h3><b>8. Responsabilitats pel funcionament de la web<\/b><\/h3>\n<p>&nbsp;<\/p>\n<p>\u00c9s important que recordi que li correspon a vost\u00e8 tenir disponibles les eines per a la detenci\u00f3 i desinfecci\u00f3 de programes inform\u00e0tics nocius. Malgrat que BALFEG\u00d3 &amp; BALFEG\u00d3, s\u2019esfor\u00e7a per mantenir el lloc web lliure de virus, cucs o qualsevol altre element inform\u00e0tic nociu, no podem garantir la seva completa abs\u00e8ncia.<\/p>\n<p>&nbsp;<\/p>\n<p>Aix\u00ed mateix, BALFEG\u00d3 &amp; BALFEG\u00d3, no es responsabilitza dels danys produ\u00efts en el programari i equips inform\u00e0tics dels usuaris durant la utilitzaci\u00f3 dels serveis oferts en el lloc web, ni dels danys o perjudicis de qualsevol tipus que li siguin causats que portin causa de fallades o desconnexions en les xarxes de telecomunicacions que produeixin la suspensi\u00f3, cancel\u00b7laci\u00f3 o interrupci\u00f3 del servei.<\/p>\n<p>&nbsp;<\/p>\n<h3><b>9. Compleix amb la legalitat en mat\u00e8ria de responsabilitats<\/b><\/h3>\n<p>&nbsp;<\/p>\n<p>BALFEG\u00d3 &amp; BALFEG\u00d3, vela per l\u2019exactitud de les dades que apareixen publicats en el lloc web. Si us plau, si detecta algun error en aquests, posi\u2019s en contacte amb nosaltres en l\u2019adre\u00e7a de correu electr\u00f2nic\u00a0<a href=\"mailto:info@grupbalfego.com\">info@grupbalfego.com<\/a>.<\/p>\n<p>&nbsp;<\/p>\n<p>No obstant aix\u00f2, i malgrat els nostres esfor\u00e7os, internet no \u00e9s un mitj\u00e0 inexpugnable, per la qual cosa no podem garantir que els continguts i informacions es mostrin sempre actualitzats en la seva \u00faltima versi\u00f3. Sempre que fos possible, l\u2019informarem de qualsevol interrupci\u00f3 que afecti la informaci\u00f3 mostrada en el lloc web. Aix\u00ed mateix, BALFEG\u00d3 &amp; BALFEG\u00d3, no ser\u00e0 responsable de l\u2019error en l\u2019acc\u00e9s a diferents p\u00e0gines del lloc web, quan aquests siguin causats per motius que estiguin fora del nostre control.<\/p>\n<p>&nbsp;<\/p>\n<p>BALFEG\u00d3 &amp; BALFEG\u00d3, no ser\u00e0 responsable del mal \u00fas que els usuaris del lloc web puguin fer del lloc web o els seus continguts, ni d\u2019aquells usos que siguin contraris a la bona fe, a la legalitat o al present Av\u00eds legal. Aix\u00ed mateix, BALFEG\u00d3 &amp; BALFEG\u00d3, declina qualsevol responsabilitat derivada de la infracci\u00f3 de drets de propietat intel\u00b7lectual de qualsevol classe per part dels usuaris.<\/p>\n<p>&nbsp;<\/p>\n<p>No podem tampoc controlar ni gestionar la integritat, funcionament i veracitat dels enlla\u00e7os que puguin apar\u00e8ixer en el lloc web a llocs d\u2019internet que no s\u00f3n de la nostra titularitat. Per aix\u00f2, declinem qualsevol responsabilitat sobre aquests.<\/p>\n<p>&nbsp;<\/p>\n<h3><b>10. Durada de les condicions d\u2019\u00fas<\/b><\/h3>\n<p>&nbsp;<\/p>\n<p>Per a adaptar el text legal a la realitat del lloc web, ens reservem el dret de modificar-lo o actualitzar-lo en qualsevol moment, per la qual cosa li recomanem consultar-lo amb freq\u00fc\u00e8ncia.<br \/>\nSi qualsevol cl\u00e0usula inclosa en el present Av\u00eds Legal fos declarada totalment o parcialment nul\u00b7la o inefica\u00e7, tal nul\u00b7litat o inefic\u00e0cia nom\u00e9s afectar\u00e0 aquesta cl\u00e0usula o a la part de la mateixa que resulti nul\u00b7la o inefica\u00e7, subsistint el present Av\u00eds Legal en tota la resta.<\/p>\n<p>&nbsp;<\/p>\n<h3><b>11. Li convidem a comunicar qualsevol comentari o dubte<\/b><\/h3>\n<p>&nbsp;<\/p>\n<p>Posem a la seva disposici\u00f3 el correu electr\u00f2nic\u00a0<a href=\"mailto:info@grupbalfego.com\">info@grupbalfego.com<\/a>\u00a0perqu\u00e8 l\u2019utilitzi sempre que tingui algun dubte, consulta o comentari, tant del contingut de la web, com en relaci\u00f3 als termes legals d\u2019aquesta.<\/p>\n<p>&nbsp;<\/p>\n<p>Aix\u00ed mateix, si detecta algun error en la informaci\u00f3 oferta o en la configuraci\u00f3, actualitzaci\u00f3 i contingut del lloc web, li agrair\u00edem que el posi en coneixement de BALFEG\u00d3 &amp; BALFEG\u00d3 en la direcci\u00f3 anteriorment referida.<\/p>\n<p>&nbsp;<\/p>\n<h3><b>12. Normativa aplicable i jurisdicci\u00f3<\/b><\/h3>\n<p>&nbsp;<\/p>\n<p>Les presents Condicions es regiran i interpretaran conforme a la legislaci\u00f3 espanyola, igual que la resoluci\u00f3 de qualsevol controv\u00e8rsia o diverg\u00e8ncia relacionada amb el present lloc web. L\u2019\u00fas dels serveis del present lloc web, suposa l\u2019acceptaci\u00f3 expressa de la jurisdicci\u00f3 espanyola.<\/p>\n<p>&nbsp;<\/p>\n<p>Aix\u00ed mateix, les parts acorden que qualsevol litigi, discrep\u00e0ncia, q\u00fcesti\u00f3 o reclamaci\u00f3 resultant de l\u2019execuci\u00f3 i interpretaci\u00f3 de les presents condicions o relacionades amb elles, o d\u2019altres textos que puguin estar en el present lloc web, es resoldr\u00e0 en els Jutjats i Tribunals de Tortosa amb ren\u00fancia expressa a qualsevol altre dret o demarcaci\u00f3 jurisdiccional que pugui resultar competent (tret que existeixi un conflicte protegit per Llei, en aquest cas seria d\u2019aplicaci\u00f3 preferent el lloc designat en la legislaci\u00f3 aplicable).<\/p>\n<p>&nbsp;<\/p>\n<p>Data \u00faltima d\u2019actualitzaci\u00f3: febrer de 2020.<\/p>\n","protected":false},"excerpt":{"rendered":"<p>Qui som? Acceptaci\u00f3 de les condicions d\u2019\u00fas Acc\u00e9s al lloc web i informaci\u00f3 sobre\u00a0BALFEG\u00d3 &amp; BALFEG\u00d3 Normes d\u2019\u00fas Enlla\u00e7os T\u00e9 pres\u00e8ncia en altres plataformes i xarxes socials Propietat Intel\u00b7lectual i Industrial Responsabilitats pel funcionament de la web Compleix amb la legalitat en mat\u00e8ria de responsabilitats Durada de les condicions d\u2019\u00fas Li convidem a comunicar qualsevol &hellip; <a href=\"https:\/\/balfego.com\/ca\/avis-legal\/\">Continued<\/a><\/p>\n","protected":false},"author":1,"featured_media":0,"parent":0,"menu_order":0,"comment_status":"closed","ping_status":"closed","template":"views\/template-custom.blade.php","meta":{"_acf_changed":false,"footnotes":""},"class_list":["post-7597","page","type-page","status-publish","hentry"],"acf":[],"_links":{"self":[{"href":"https:\/\/balfego.com\/ca\/wp-json\/wp\/v2\/pages\/7597","targetHints":{"allow":["GET"]}}],"collection":[{"href":"https:\/\/balfego.com\/ca\/wp-json\/wp\/v2\/pages"}],"about":[{"href":"https:\/\/balfego.com\/ca\/wp-json\/wp\/v2\/types\/page"}],"author":[{"embeddable":true,"href":"https:\/\/balfego.com\/ca\/wp-json\/wp\/v2\/users\/1"}],"replies":[{"embeddable":true,"href":"https:\/\/balfego.com\/ca\/wp-json\/wp\/v2\/comments?post=7597"}],"version-history":[{"count":7,"href":"https:\/\/balfego.com\/ca\/wp-json\/wp\/v2\/pages\/7597\/revisions"}],"predecessor-version":[{"id":14186,"href":"https:\/\/balfego.com\/ca\/wp-json\/wp\/v2\/pages\/7597\/revisions\/14186"}],"wp:attachment":[{"href":"https:\/\/balfego.com\/ca\/wp-json\/wp\/v2\/media?parent=7597"}],"curies":[{"name":"wp","href":"https:\/\/api.w.org\/{rel}","templated":true}]}}