{"id":9128,"date":"2021-06-28T12:02:25","date_gmt":"2021-06-28T10:02:25","guid":{"rendered":"https:\/\/balfego.com\/?page_id=9128"},"modified":"2023-04-28T15:52:29","modified_gmt":"2023-04-28T13:52:29","slug":"politica-de-calidad","status":"publish","type":"page","link":"https:\/\/balfego.com\/ca\/politica-de-calidad\/","title":{"rendered":"Pol\u00edtica de qualitat, seguretat aliment\u00e0ria i medi ambient"},"content":{"rendered":"<p class=\"p1\"><span class=\"s1\"><strong>GRUP BALFEG\u00d3<\/strong>, <\/span>empresa dedicada a la captura, alimentaci\u00f3, estudi, processat i comercialitzaci\u00f3 de la tonyina roja, basa la seva pol\u00edtica de qualitat, seguretat aliment\u00e0ria i gesti\u00f3 mediambiental en la satisfacci\u00f3 de les expectatives dels seus clients, de forma sostenible, innovant en cada un dels seus processos, mitjan\u00e7ant un equip hum\u00e0 comprom\u00e8s amb la responsabilitat, l\u2019autocontrol, la transpar\u00e8ncia i la millora continua.<\/p>\n<p>&nbsp;<\/p>\n<h4 class=\"p1\"><strong>POL\u00cdTIQUES<\/strong><\/h4>\n<p><strong>Pol\u00edtica de seguretat i qualitat alimentaria<\/strong><\/p>\n<ol>\n<li><em>Prop\u00f2sit de la pol\u00edtica<\/em><\/li>\n<\/ol>\n<p style=\"font-weight: 400;\">La Pol\u00edtica de Qualitat i Seguretat Aliment\u00e0ria t\u00e9 l\u2019objectiu d\u2019establir els principis per garantir el subministrament dels productes a la nostra clientela segons els est\u00e0ndards de qualitat i seguretat aliment\u00e0ria definits internament i segons la legislaci\u00f3 vigent.<\/p>\n<p style=\"font-weight: 400;\">Aix\u00ed mateix, aquests criteris s\u2019integren al llarg de la cadena de valor amb l\u2019objectiu de generar un impacte positiu en tots els grups d\u2019inter\u00e8s.<\/p>\n<p style=\"font-weight: 400;\">D\u2019altra banda, la pol\u00edtica deixa establerts els canals de comunicaci\u00f3 amb la nostra clientela per tal de mesurar la seva satisfacci\u00f3 amb el nostre producte i el servei prestat.<\/p>\n<ol start=\"2\">\n<li><em>Alineaci\u00f3 amb l\u2019estrat\u00e8gia de sostenibilitat<\/em><\/li>\n<\/ol>\n<p style=\"font-weight: 400;\">En la Pol\u00edtica de Qualitat i Seguretat Aliment\u00e0ria definida, queden alineats els seg\u00fcents compromisos estrat\u00e8gics i objectius de sostenibilitat:<\/p>\n<ul>\n<li>Oferir un producte final de qualitat pr\u00e8mium.<\/li>\n<li>Innovar cont\u00ednuament per millorar la sostenibilitat i qualitat.<\/li>\n<li>Assegurar la tra\u00e7abilitat de cada tonyina comercialitzada.<\/li>\n<li>Gestionar responsablement i \u00e8ticament el nostre negoci.<\/li>\n<\/ul>\n<ol start=\"3\">\n<li><em>Abast<\/em><\/li>\n<\/ol>\n<p style=\"font-weight: 400;\">La Pol\u00edtica de Qualitat i Seguretat Aliment\u00e0ria s\u2019estableix per a totes les classes de formats de tonyina roja que comercialitzem, aix\u00ed com per a tots aquells processos que tenen una implicaci\u00f3 directa en la gesti\u00f3 del producte i del servei.<\/p>\n<p style=\"font-weight: 400;\">Aquesta pol\u00edtica engloba tota la cadena de valor, des de la recepci\u00f3 de la mat\u00e8ria primera i el material auxiliar associat fins a la fabricaci\u00f3 del producte, la venda i el servei postvenda a la nostra clientela.<\/p>\n<p>&nbsp;<\/p>\n<p><strong>Pol\u00edtica de medi ambient<\/strong><\/p>\n<ol>\n<li><em>Prop\u00f2sit de la pol\u00edtica<\/em><\/li>\n<\/ol>\n<p style=\"font-weight: 400;\">La Pol\u00edtica de Medi Ambient t\u00e9 l\u2019objectiu d\u2019establir els principis i compromisos que ha de seguir la nostra activitat per garantir una actuaci\u00f3 respectuosa amb el medi ambient i segons la legislaci\u00f3 vigent.<\/p>\n<p style=\"font-weight: 400;\">La seva definici\u00f3 es basa en l\u2019an\u00e0lisi dels aspectes ambientals m\u00e9s significatius derivats de la nostra activitat, i amb les expectatives en mat\u00e8ria ambiental dels nostres grups d\u2019inter\u00e8s.<\/p>\n<p style=\"font-weight: 400;\">A la vegada, representa el marc de refer\u00e8ncia per a l\u2019establiment d\u2019objectius i plans d\u2019acci\u00f3 per tal de minimitzar els impactes ambientals negatius al nostre entorn i assegurar la millora cont\u00ednua del nostre sistema de gesti\u00f3 ambiental.<\/p>\n<ol start=\"2\">\n<li><em>Alineaci\u00f3 amb l\u2019estrat\u00e8gia de sostenibilitat<\/em><\/li>\n<\/ol>\n<p style=\"font-weight: 400;\">En la Pol\u00edtica de Medi Ambient definida, queden alineats els seg\u00fcents compromisos estrat\u00e8gics i objectius de sostenibilitat:<\/p>\n<ul>\n<li>Assegurar que els nostres processos siguin sostenibles.<\/li>\n<li>Innovar cont\u00ednuament per millorar la sostenibilitat i qualitat.<\/li>\n<li>Conscienciar sobre consum responsable.<\/li>\n<li>Donar suport a les empreses prove\u00efdores i a la nostra activitat de valor.<\/li>\n<li>Impulsar projectes al costat d\u00b4institucions cient\u00edfiques.<\/li>\n<li>Reduir l\u00b4impacte ambiental generat per la nostra activitat.<\/li>\n<li>Innovar el disseny de processos, productes i envasos sostenibles.<\/li>\n<\/ul>\n<ol start=\"3\">\n<li><em>Abast<\/em><\/li>\n<\/ol>\n<p style=\"font-weight: 400;\">La Pol\u00edtica de Medi Ambient t\u00e9 un abast global, \u00e9s a dir, aplica a tot Balfeg\u00f3 Grup, aix\u00ed com a tota la seva cadena de valor. \u00c9s per aquest motiu que totes les persones treballadores l\u2019han de con\u00e8ixer, implicar-s\u2019hi i aplicar-la, aix\u00ed com transmetre-la tant a la clientela com a les empreses prove\u00efdores i a altres grups d\u2019inter\u00e8s.<\/p>\n<p style=\"font-weight: 400;\">D\u2019aquesta manera, es consideren tots els possibles impactes al medi ambient derivats de la nostra activitat al llarg de la cadena de valor i ens permet establir compromisos i mecanismes, tant gen\u00e8rics com espec\u00edfics, en cadascun dels \u00e0mbits d\u2019actuaci\u00f3 de la nostra empresa.<\/p>\n<p>&nbsp;<\/p>\n<h4 class=\"p1\"><strong>CERTIFICACIONS<\/strong><\/h4>\n<p><img loading=\"lazy\" decoding=\"async\" class=\"wp-image-11101 aligncenter\" src=\"https:\/\/balfego.com\/app\/uploads\/2021\/11\/Sin-ti\u0301tulo-2-1-e1637788120477.png\" alt=\"\" width=\"646\" height=\"453\" title=\"\" srcset=\"https:\/\/balfego.com\/app\/uploads\/2021\/11\/Sin-ti\u0301tulo-2-1-e1637788120477.png 1464w, https:\/\/balfego.com\/app\/uploads\/2021\/11\/Sin-ti\u0301tulo-2-1-e1637788120477-300x211.png 300w, https:\/\/balfego.com\/app\/uploads\/2021\/11\/Sin-ti\u0301tulo-2-1-e1637788120477-1024x719.png 1024w, https:\/\/balfego.com\/app\/uploads\/2021\/11\/Sin-ti\u0301tulo-2-1-e1637788120477-768x539.png 768w\" sizes=\"auto, (max-width: 646px) 100vw, 646px\" \/><\/p>\n<p><img loading=\"lazy\" decoding=\"async\" class=\"wp-image-14336 aligncenter\" src=\"https:\/\/balfego.com\/app\/uploads\/2022\/05\/ESP.jpg\" alt=\"\" width=\"624\" height=\"432\" title=\"\" srcset=\"https:\/\/balfego.com\/app\/uploads\/2022\/05\/ESP.jpg 2000w, https:\/\/balfego.com\/app\/uploads\/2022\/05\/ESP-300x208.jpg 300w, https:\/\/balfego.com\/app\/uploads\/2022\/05\/ESP-1024x709.jpg 1024w, https:\/\/balfego.com\/app\/uploads\/2022\/05\/ESP-768x531.jpg 768w, https:\/\/balfego.com\/app\/uploads\/2022\/05\/ESP-1536x1063.jpg 1536w\" sizes=\"auto, (max-width: 624px) 100vw, 624px\" \/><\/p>\n<p>&nbsp;<\/p>\n<p>&nbsp;<\/p>\n<p>Si tens inter\u00e8s a con\u00e8ixer les pol\u00edtiques implantades a la nostra organitzaci\u00f3, pots posar-te en contacte amb nosaltres enviant un email a politiques@grupbalfego.com<\/p>\n","protected":false},"excerpt":{"rendered":"<p>GRUP BALFEG\u00d3, empresa dedicada a la captura, alimentaci\u00f3, estudi, processat i comercialitzaci\u00f3 de la tonyina roja, basa la seva pol\u00edtica de qualitat, seguretat aliment\u00e0ria i gesti\u00f3 mediambiental en la satisfacci\u00f3 de les expectatives dels seus clients, de forma sostenible, innovant en cada un dels seus processos, mitjan\u00e7ant un equip hum\u00e0 comprom\u00e8s amb la responsabilitat, l\u2019autocontrol, &hellip; <a href=\"https:\/\/balfego.com\/ca\/politica-de-calidad\/\">Continued<\/a><\/p>\n","protected":false},"author":1,"featured_media":0,"parent":0,"menu_order":0,"comment_status":"closed","ping_status":"closed","template":"views\/template-custom.blade.php","meta":{"_acf_changed":false,"footnotes":""},"class_list":["post-9128","page","type-page","status-publish","hentry"],"acf":[],"_links":{"self":[{"href":"https:\/\/balfego.com\/ca\/wp-json\/wp\/v2\/pages\/9128","targetHints":{"allow":["GET"]}}],"collection":[{"href":"https:\/\/balfego.com\/ca\/wp-json\/wp\/v2\/pages"}],"about":[{"href":"https:\/\/balfego.com\/ca\/wp-json\/wp\/v2\/types\/page"}],"author":[{"embeddable":true,"href":"https:\/\/balfego.com\/ca\/wp-json\/wp\/v2\/users\/1"}],"replies":[{"embeddable":true,"href":"https:\/\/balfego.com\/ca\/wp-json\/wp\/v2\/comments?post=9128"}],"version-history":[{"count":13,"href":"https:\/\/balfego.com\/ca\/wp-json\/wp\/v2\/pages\/9128\/revisions"}],"predecessor-version":[{"id":30963,"href":"https:\/\/balfego.com\/ca\/wp-json\/wp\/v2\/pages\/9128\/revisions\/30963"}],"wp:attachment":[{"href":"https:\/\/balfego.com\/ca\/wp-json\/wp\/v2\/media?parent=9128"}],"curies":[{"name":"wp","href":"https:\/\/api.w.org\/{rel}","templated":true}]}}